{"id":517,"date":"2026-01-19T13:35:10","date_gmt":"2026-01-19T13:35:10","guid":{"rendered":"https:\/\/enjoytravelaccessible.com\/a-propos-de-nous\/"},"modified":"2026-03-23T13:19:36","modified_gmt":"2026-03-23T13:19:36","slug":"a-propos-de-nous","status":"publish","type":"page","link":"https:\/\/enjoytravelaccessible.com\/fr\/a-propos-de-nous\/","title":{"rendered":"A propos de nous"},"content":{"rendered":"","protected":false},"excerpt":{"rendered":"","protected":false},"author":1,"featured_media":805,"parent":0,"menu_order":0,"comment_status":"closed","ping_status":"closed","template":"page-aboutus.php","meta":{"_acf_changed":false,"footnotes":""},"class_list":["post-517","page","type-page","status-publish","has-post-thumbnail","hentry"],"acf":[],"yoast_head":"<!-- This site is optimized with the Yoast SEO plugin v27.2 - https:\/\/yoast.com\/product\/yoast-seo-wordpress\/ -->\n<title>\u00c0 propos de nous : Experts en tourisme accessible et inclusif<\/title>\n<meta name=\"description\" content=\"Faites connaissance avec notre entreprise sp\u00e9cialis\u00e9e dans les voyages accessibles. Nous cr\u00e9ons des exp\u00e9riences adapt\u00e9es aux personnes handicap\u00e9es et \u00e0 mobilit\u00e9 r\u00e9duite.\" \/>\n<meta name=\"robots\" content=\"index, follow, max-snippet:-1, max-image-preview:large, max-video-preview:-1\" \/>\n<link rel=\"canonical\" href=\"https:\/\/enjoytravelaccessible.com\/fr\/a-propos-de-nous\/\" \/>\n<meta property=\"og:locale\" content=\"fr_FR\" \/>\n<meta property=\"og:type\" content=\"article\" \/>\n<meta property=\"og:title\" content=\"\u00c0 propos de nous : Experts en tourisme accessible et inclusif\" \/>\n<meta property=\"og:description\" content=\"Faites connaissance avec notre entreprise sp\u00e9cialis\u00e9e dans les voyages accessibles. Nous cr\u00e9ons des exp\u00e9riences adapt\u00e9es aux personnes handicap\u00e9es et \u00e0 mobilit\u00e9 r\u00e9duite.\" \/>\n<meta property=\"og:url\" content=\"https:\/\/enjoytravelaccessible.com\/fr\/a-propos-de-nous\/\" \/>\n<meta property=\"og:site_name\" content=\"Web Accessible Enjoy travel group\" \/>\n<meta property=\"article:modified_time\" content=\"2026-03-23T13:19:36+00:00\" \/>\n<meta property=\"og:image\" content=\"https:\/\/enjoytravelaccessible.com\/wp-content\/uploads\/2026\/03\/ChatGPT-Image-23-mar-2026-13_59_24-1024x683.png\" \/>\n\t<meta property=\"og:image:width\" content=\"1024\" \/>\n\t<meta property=\"og:image:height\" content=\"683\" \/>\n\t<meta property=\"og:image:type\" content=\"image\/png\" \/>\n<meta name=\"twitter:card\" content=\"summary_large_image\" \/>\n<script type=\"application\/ld+json\" class=\"yoast-schema-graph\">{\"@context\":\"https:\/\/schema.org\",\"@graph\":[{\"@type\":\"WebPage\",\"@id\":\"https:\/\/enjoytravelaccessible.com\/fr\/a-propos-de-nous\/\",\"url\":\"https:\/\/enjoytravelaccessible.com\/fr\/a-propos-de-nous\/\",\"name\":\"\u00c0 propos de nous : Experts en tourisme accessible et inclusif\",\"isPartOf\":{\"@id\":\"https:\/\/enjoytravelaccessible.com\/fr\/#website\"},\"primaryImageOfPage\":{\"@id\":\"https:\/\/enjoytravelaccessible.com\/fr\/a-propos-de-nous\/#primaryimage\"},\"image\":{\"@id\":\"https:\/\/enjoytravelaccessible.com\/fr\/a-propos-de-nous\/#primaryimage\"},\"thumbnailUrl\":\"https:\/\/enjoytravelaccessible.com\/wp-content\/uploads\/2026\/03\/ChatGPT-Image-23-mar-2026-13_59_24.png\",\"datePublished\":\"2026-01-19T13:35:10+00:00\",\"dateModified\":\"2026-03-23T13:19:36+00:00\",\"description\":\"Faites connaissance avec notre entreprise sp\u00e9cialis\u00e9e dans les voyages accessibles. Nous cr\u00e9ons des exp\u00e9riences adapt\u00e9es aux personnes handicap\u00e9es et \u00e0 mobilit\u00e9 r\u00e9duite.\",\"breadcrumb\":{\"@id\":\"https:\/\/enjoytravelaccessible.com\/fr\/a-propos-de-nous\/#breadcrumb\"},\"inLanguage\":\"fr-FR\",\"potentialAction\":[{\"@type\":\"ReadAction\",\"target\":[\"https:\/\/enjoytravelaccessible.com\/fr\/a-propos-de-nous\/\"]}]},{\"@type\":\"ImageObject\",\"inLanguage\":\"fr-FR\",\"@id\":\"https:\/\/enjoytravelaccessible.com\/fr\/a-propos-de-nous\/#primaryimage\",\"url\":\"https:\/\/enjoytravelaccessible.com\/wp-content\/uploads\/2026\/03\/ChatGPT-Image-23-mar-2026-13_59_24.png\",\"contentUrl\":\"https:\/\/enjoytravelaccessible.com\/wp-content\/uploads\/2026\/03\/ChatGPT-Image-23-mar-2026-13_59_24.png\",\"width\":1536,\"height\":1024,\"caption\":\"Des personnes profitant d'un voyage accessible sur la plage\"},{\"@type\":\"BreadcrumbList\",\"@id\":\"https:\/\/enjoytravelaccessible.com\/fr\/a-propos-de-nous\/#breadcrumb\",\"itemListElement\":[{\"@type\":\"ListItem\",\"position\":1,\"name\":\"Page d'accueil\",\"item\":\"https:\/\/enjoytravelaccessible.com\/fr\/accueil\/\"},{\"@type\":\"ListItem\",\"position\":2,\"name\":\"A propos de nous\"}]},{\"@type\":\"WebSite\",\"@id\":\"https:\/\/enjoytravelaccessible.com\/fr\/#website\",\"url\":\"https:\/\/enjoytravelaccessible.com\/fr\/\",\"name\":\"Web Accessible Enjoy travel group\",\"description\":\"Viajes Accesibles | Turismo Adaptado para Todos | Enjoy Travel Accessible\",\"alternateName\":\"Enjoy travel accesible\",\"potentialAction\":[{\"@type\":\"SearchAction\",\"target\":{\"@type\":\"EntryPoint\",\"urlTemplate\":\"https:\/\/enjoytravelaccessible.com\/fr\/?s={search_term_string}\"},\"query-input\":{\"@type\":\"PropertyValueSpecification\",\"valueRequired\":true,\"valueName\":\"search_term_string\"}}],\"inLanguage\":\"fr-FR\"}]}<\/script>\n<!-- \/ Yoast SEO plugin. -->","yoast_head_json":{"title":"\u00c0 propos de nous : Experts en tourisme accessible et inclusif","description":"Faites connaissance avec notre entreprise sp\u00e9cialis\u00e9e dans les voyages accessibles. Nous cr\u00e9ons des exp\u00e9riences adapt\u00e9es aux personnes handicap\u00e9es et \u00e0 mobilit\u00e9 r\u00e9duite.","robots":{"index":"index","follow":"follow","max-snippet":"max-snippet:-1","max-image-preview":"max-image-preview:large","max-video-preview":"max-video-preview:-1"},"canonical":"https:\/\/enjoytravelaccessible.com\/fr\/a-propos-de-nous\/","og_locale":"fr_FR","og_type":"article","og_title":"\u00c0 propos de nous : Experts en tourisme accessible et inclusif","og_description":"Faites connaissance avec notre entreprise sp\u00e9cialis\u00e9e dans les voyages accessibles. Nous cr\u00e9ons des exp\u00e9riences adapt\u00e9es aux personnes handicap\u00e9es et \u00e0 mobilit\u00e9 r\u00e9duite.","og_url":"https:\/\/enjoytravelaccessible.com\/fr\/a-propos-de-nous\/","og_site_name":"Web Accessible Enjoy travel group","article_modified_time":"2026-03-23T13:19:36+00:00","og_image":[{"width":1024,"height":683,"url":"https:\/\/enjoytravelaccessible.com\/wp-content\/uploads\/2026\/03\/ChatGPT-Image-23-mar-2026-13_59_24-1024x683.png","type":"image\/png"}],"twitter_card":"summary_large_image","schema":{"@context":"https:\/\/schema.org","@graph":[{"@type":"WebPage","@id":"https:\/\/enjoytravelaccessible.com\/fr\/a-propos-de-nous\/","url":"https:\/\/enjoytravelaccessible.com\/fr\/a-propos-de-nous\/","name":"\u00c0 propos de nous : Experts en tourisme accessible et inclusif","isPartOf":{"@id":"https:\/\/enjoytravelaccessible.com\/fr\/#website"},"primaryImageOfPage":{"@id":"https:\/\/enjoytravelaccessible.com\/fr\/a-propos-de-nous\/#primaryimage"},"image":{"@id":"https:\/\/enjoytravelaccessible.com\/fr\/a-propos-de-nous\/#primaryimage"},"thumbnailUrl":"https:\/\/enjoytravelaccessible.com\/wp-content\/uploads\/2026\/03\/ChatGPT-Image-23-mar-2026-13_59_24.png","datePublished":"2026-01-19T13:35:10+00:00","dateModified":"2026-03-23T13:19:36+00:00","description":"Faites connaissance avec notre entreprise sp\u00e9cialis\u00e9e dans les voyages accessibles. Nous cr\u00e9ons des exp\u00e9riences adapt\u00e9es aux personnes handicap\u00e9es et \u00e0 mobilit\u00e9 r\u00e9duite.","breadcrumb":{"@id":"https:\/\/enjoytravelaccessible.com\/fr\/a-propos-de-nous\/#breadcrumb"},"inLanguage":"fr-FR","potentialAction":[{"@type":"ReadAction","target":["https:\/\/enjoytravelaccessible.com\/fr\/a-propos-de-nous\/"]}]},{"@type":"ImageObject","inLanguage":"fr-FR","@id":"https:\/\/enjoytravelaccessible.com\/fr\/a-propos-de-nous\/#primaryimage","url":"https:\/\/enjoytravelaccessible.com\/wp-content\/uploads\/2026\/03\/ChatGPT-Image-23-mar-2026-13_59_24.png","contentUrl":"https:\/\/enjoytravelaccessible.com\/wp-content\/uploads\/2026\/03\/ChatGPT-Image-23-mar-2026-13_59_24.png","width":1536,"height":1024,"caption":"Des personnes profitant d'un voyage accessible sur la plage"},{"@type":"BreadcrumbList","@id":"https:\/\/enjoytravelaccessible.com\/fr\/a-propos-de-nous\/#breadcrumb","itemListElement":[{"@type":"ListItem","position":1,"name":"Page d'accueil","item":"https:\/\/enjoytravelaccessible.com\/fr\/accueil\/"},{"@type":"ListItem","position":2,"name":"A propos de nous"}]},{"@type":"WebSite","@id":"https:\/\/enjoytravelaccessible.com\/fr\/#website","url":"https:\/\/enjoytravelaccessible.com\/fr\/","name":"Web Accessible Enjoy travel group","description":"Viajes Accesibles | Turismo Adaptado para Todos | Enjoy Travel Accessible","alternateName":"Enjoy travel accesible","potentialAction":[{"@type":"SearchAction","target":{"@type":"EntryPoint","urlTemplate":"https:\/\/enjoytravelaccessible.com\/fr\/?s={search_term_string}"},"query-input":{"@type":"PropertyValueSpecification","valueRequired":true,"valueName":"search_term_string"}}],"inLanguage":"fr-FR"}]}},"_links":{"self":[{"href":"https:\/\/enjoytravelaccessible.com\/fr\/wp-json\/wp\/v2\/pages\/517","targetHints":{"allow":["GET"]}}],"collection":[{"href":"https:\/\/enjoytravelaccessible.com\/fr\/wp-json\/wp\/v2\/pages"}],"about":[{"href":"https:\/\/enjoytravelaccessible.com\/fr\/wp-json\/wp\/v2\/types\/page"}],"author":[{"embeddable":true,"href":"https:\/\/enjoytravelaccessible.com\/fr\/wp-json\/wp\/v2\/users\/1"}],"replies":[{"embeddable":true,"href":"https:\/\/enjoytravelaccessible.com\/fr\/wp-json\/wp\/v2\/comments?post=517"}],"version-history":[{"count":1,"href":"https:\/\/enjoytravelaccessible.com\/fr\/wp-json\/wp\/v2\/pages\/517\/revisions"}],"predecessor-version":[{"id":816,"href":"https:\/\/enjoytravelaccessible.com\/fr\/wp-json\/wp\/v2\/pages\/517\/revisions\/816"}],"wp:featuredmedia":[{"embeddable":true,"href":"https:\/\/enjoytravelaccessible.com\/fr\/wp-json\/wp\/v2\/media\/805"}],"wp:attachment":[{"href":"https:\/\/enjoytravelaccessible.com\/fr\/wp-json\/wp\/v2\/media?parent=517"}],"curies":[{"name":"wp","href":"https:\/\/api.w.org\/{rel}","templated":true}]}}