{"id":514,"date":"2026-01-05T13:55:05","date_gmt":"2026-01-05T13:55:05","guid":{"rendered":"https:\/\/enjoytravelaccessible.com\/blog\/"},"modified":"2026-03-23T13:19:35","modified_gmt":"2026-03-23T13:19:35","slug":"blog","status":"publish","type":"page","link":"https:\/\/enjoytravelaccessible.com\/fr\/blog\/","title":{"rendered":"Blog"},"content":{"rendered":"","protected":false},"excerpt":{"rendered":"","protected":false},"author":1,"featured_media":805,"parent":0,"menu_order":0,"comment_status":"closed","ping_status":"closed","template":"page-blog.php","meta":{"_acf_changed":false,"footnotes":""},"class_list":["post-514","page","type-page","status-publish","has-post-thumbnail","hentry"],"acf":[],"yoast_head":"<!-- This site is optimized with the Yoast SEO plugin v27.2 - https:\/\/yoast.com\/product\/yoast-seo-wordpress\/ -->\n<title>Blog sur le tourisme accessible | Conseils, guides et exp\u00e9riences<\/title>\n<meta name=\"description\" content=\"D\u00e9couvrez des articles, des guides et des conseils sur le tourisme accessible. Apprenez \u00e0 voyager avec une mobilit\u00e9 r\u00e9duite et \u00e0 vivre des exp\u00e9riences sans barri\u00e8res.\" \/>\n<meta name=\"robots\" content=\"index, follow, max-snippet:-1, max-image-preview:large, max-video-preview:-1\" \/>\n<link rel=\"canonical\" href=\"https:\/\/enjoytravelaccessible.com\/fr\/blog\/\" \/>\n<meta property=\"og:locale\" content=\"fr_FR\" \/>\n<meta property=\"og:type\" content=\"article\" \/>\n<meta property=\"og:title\" content=\"Blog sur le tourisme accessible | Conseils, guides et exp\u00e9riences\" \/>\n<meta property=\"og:description\" content=\"D\u00e9couvrez des articles, des guides et des conseils sur le tourisme accessible. Apprenez \u00e0 voyager avec une mobilit\u00e9 r\u00e9duite et \u00e0 vivre des exp\u00e9riences sans barri\u00e8res.\" \/>\n<meta property=\"og:url\" content=\"https:\/\/enjoytravelaccessible.com\/fr\/blog\/\" \/>\n<meta property=\"og:site_name\" content=\"Web Accessible Enjoy travel group\" \/>\n<meta property=\"article:modified_time\" content=\"2026-03-23T13:19:35+00:00\" \/>\n<meta property=\"og:image\" content=\"https:\/\/enjoytravelaccessible.com\/wp-content\/uploads\/2026\/03\/ChatGPT-Image-23-mar-2026-13_59_24-1024x683.png\" \/>\n\t<meta property=\"og:image:width\" content=\"1024\" \/>\n\t<meta property=\"og:image:height\" content=\"683\" \/>\n\t<meta property=\"og:image:type\" content=\"image\/png\" \/>\n<meta name=\"twitter:card\" content=\"summary_large_image\" \/>\n<script type=\"application\/ld+json\" class=\"yoast-schema-graph\">{\"@context\":\"https:\/\/schema.org\",\"@graph\":[{\"@type\":\"WebPage\",\"@id\":\"https:\/\/enjoytravelaccessible.com\/fr\/blog\/\",\"url\":\"https:\/\/enjoytravelaccessible.com\/fr\/blog\/\",\"name\":\"Blog sur le tourisme accessible | Conseils, guides et exp\u00e9riences\",\"isPartOf\":{\"@id\":\"https:\/\/enjoytravelaccessible.com\/fr\/#website\"},\"primaryImageOfPage\":{\"@id\":\"https:\/\/enjoytravelaccessible.com\/fr\/blog\/#primaryimage\"},\"image\":{\"@id\":\"https:\/\/enjoytravelaccessible.com\/fr\/blog\/#primaryimage\"},\"thumbnailUrl\":\"https:\/\/enjoytravelaccessible.com\/wp-content\/uploads\/2026\/03\/ChatGPT-Image-23-mar-2026-13_59_24.png\",\"datePublished\":\"2026-01-05T13:55:05+00:00\",\"dateModified\":\"2026-03-23T13:19:35+00:00\",\"description\":\"D\u00e9couvrez des articles, des guides et des conseils sur le tourisme accessible. Apprenez \u00e0 voyager avec une mobilit\u00e9 r\u00e9duite et \u00e0 vivre des exp\u00e9riences sans barri\u00e8res.\",\"breadcrumb\":{\"@id\":\"https:\/\/enjoytravelaccessible.com\/fr\/blog\/#breadcrumb\"},\"inLanguage\":\"fr-FR\",\"potentialAction\":[{\"@type\":\"ReadAction\",\"target\":[\"https:\/\/enjoytravelaccessible.com\/fr\/blog\/\"]}]},{\"@type\":\"ImageObject\",\"inLanguage\":\"fr-FR\",\"@id\":\"https:\/\/enjoytravelaccessible.com\/fr\/blog\/#primaryimage\",\"url\":\"https:\/\/enjoytravelaccessible.com\/wp-content\/uploads\/2026\/03\/ChatGPT-Image-23-mar-2026-13_59_24.png\",\"contentUrl\":\"https:\/\/enjoytravelaccessible.com\/wp-content\/uploads\/2026\/03\/ChatGPT-Image-23-mar-2026-13_59_24.png\",\"width\":1536,\"height\":1024,\"caption\":\"Des personnes profitant d'un voyage accessible sur la plage\"},{\"@type\":\"BreadcrumbList\",\"@id\":\"https:\/\/enjoytravelaccessible.com\/fr\/blog\/#breadcrumb\",\"itemListElement\":[{\"@type\":\"ListItem\",\"position\":1,\"name\":\"Page d'accueil\",\"item\":\"https:\/\/enjoytravelaccessible.com\/fr\/accueil\/\"},{\"@type\":\"ListItem\",\"position\":2,\"name\":\"Blog\"}]},{\"@type\":\"WebSite\",\"@id\":\"https:\/\/enjoytravelaccessible.com\/fr\/#website\",\"url\":\"https:\/\/enjoytravelaccessible.com\/fr\/\",\"name\":\"Web Accessible Enjoy travel group\",\"description\":\"Viajes Accesibles | Turismo Adaptado para Todos | Enjoy Travel Accessible\",\"alternateName\":\"Enjoy travel accesible\",\"potentialAction\":[{\"@type\":\"SearchAction\",\"target\":{\"@type\":\"EntryPoint\",\"urlTemplate\":\"https:\/\/enjoytravelaccessible.com\/fr\/?s={search_term_string}\"},\"query-input\":{\"@type\":\"PropertyValueSpecification\",\"valueRequired\":true,\"valueName\":\"search_term_string\"}}],\"inLanguage\":\"fr-FR\"}]}<\/script>\n<!-- \/ Yoast SEO plugin. -->","yoast_head_json":{"title":"Blog sur le tourisme accessible | Conseils, guides et exp\u00e9riences","description":"D\u00e9couvrez des articles, des guides et des conseils sur le tourisme accessible. Apprenez \u00e0 voyager avec une mobilit\u00e9 r\u00e9duite et \u00e0 vivre des exp\u00e9riences sans barri\u00e8res.","robots":{"index":"index","follow":"follow","max-snippet":"max-snippet:-1","max-image-preview":"max-image-preview:large","max-video-preview":"max-video-preview:-1"},"canonical":"https:\/\/enjoytravelaccessible.com\/fr\/blog\/","og_locale":"fr_FR","og_type":"article","og_title":"Blog sur le tourisme accessible | Conseils, guides et exp\u00e9riences","og_description":"D\u00e9couvrez des articles, des guides et des conseils sur le tourisme accessible. Apprenez \u00e0 voyager avec une mobilit\u00e9 r\u00e9duite et \u00e0 vivre des exp\u00e9riences sans barri\u00e8res.","og_url":"https:\/\/enjoytravelaccessible.com\/fr\/blog\/","og_site_name":"Web Accessible Enjoy travel group","article_modified_time":"2026-03-23T13:19:35+00:00","og_image":[{"width":1024,"height":683,"url":"https:\/\/enjoytravelaccessible.com\/wp-content\/uploads\/2026\/03\/ChatGPT-Image-23-mar-2026-13_59_24-1024x683.png","type":"image\/png"}],"twitter_card":"summary_large_image","schema":{"@context":"https:\/\/schema.org","@graph":[{"@type":"WebPage","@id":"https:\/\/enjoytravelaccessible.com\/fr\/blog\/","url":"https:\/\/enjoytravelaccessible.com\/fr\/blog\/","name":"Blog sur le tourisme accessible | Conseils, guides et exp\u00e9riences","isPartOf":{"@id":"https:\/\/enjoytravelaccessible.com\/fr\/#website"},"primaryImageOfPage":{"@id":"https:\/\/enjoytravelaccessible.com\/fr\/blog\/#primaryimage"},"image":{"@id":"https:\/\/enjoytravelaccessible.com\/fr\/blog\/#primaryimage"},"thumbnailUrl":"https:\/\/enjoytravelaccessible.com\/wp-content\/uploads\/2026\/03\/ChatGPT-Image-23-mar-2026-13_59_24.png","datePublished":"2026-01-05T13:55:05+00:00","dateModified":"2026-03-23T13:19:35+00:00","description":"D\u00e9couvrez des articles, des guides et des conseils sur le tourisme accessible. Apprenez \u00e0 voyager avec une mobilit\u00e9 r\u00e9duite et \u00e0 vivre des exp\u00e9riences sans barri\u00e8res.","breadcrumb":{"@id":"https:\/\/enjoytravelaccessible.com\/fr\/blog\/#breadcrumb"},"inLanguage":"fr-FR","potentialAction":[{"@type":"ReadAction","target":["https:\/\/enjoytravelaccessible.com\/fr\/blog\/"]}]},{"@type":"ImageObject","inLanguage":"fr-FR","@id":"https:\/\/enjoytravelaccessible.com\/fr\/blog\/#primaryimage","url":"https:\/\/enjoytravelaccessible.com\/wp-content\/uploads\/2026\/03\/ChatGPT-Image-23-mar-2026-13_59_24.png","contentUrl":"https:\/\/enjoytravelaccessible.com\/wp-content\/uploads\/2026\/03\/ChatGPT-Image-23-mar-2026-13_59_24.png","width":1536,"height":1024,"caption":"Des personnes profitant d'un voyage accessible sur la plage"},{"@type":"BreadcrumbList","@id":"https:\/\/enjoytravelaccessible.com\/fr\/blog\/#breadcrumb","itemListElement":[{"@type":"ListItem","position":1,"name":"Page d'accueil","item":"https:\/\/enjoytravelaccessible.com\/fr\/accueil\/"},{"@type":"ListItem","position":2,"name":"Blog"}]},{"@type":"WebSite","@id":"https:\/\/enjoytravelaccessible.com\/fr\/#website","url":"https:\/\/enjoytravelaccessible.com\/fr\/","name":"Web Accessible Enjoy travel group","description":"Viajes Accesibles | Turismo Adaptado para Todos | Enjoy Travel Accessible","alternateName":"Enjoy travel accesible","potentialAction":[{"@type":"SearchAction","target":{"@type":"EntryPoint","urlTemplate":"https:\/\/enjoytravelaccessible.com\/fr\/?s={search_term_string}"},"query-input":{"@type":"PropertyValueSpecification","valueRequired":true,"valueName":"search_term_string"}}],"inLanguage":"fr-FR"}]}},"_links":{"self":[{"href":"https:\/\/enjoytravelaccessible.com\/fr\/wp-json\/wp\/v2\/pages\/514","targetHints":{"allow":["GET"]}}],"collection":[{"href":"https:\/\/enjoytravelaccessible.com\/fr\/wp-json\/wp\/v2\/pages"}],"about":[{"href":"https:\/\/enjoytravelaccessible.com\/fr\/wp-json\/wp\/v2\/types\/page"}],"author":[{"embeddable":true,"href":"https:\/\/enjoytravelaccessible.com\/fr\/wp-json\/wp\/v2\/users\/1"}],"replies":[{"embeddable":true,"href":"https:\/\/enjoytravelaccessible.com\/fr\/wp-json\/wp\/v2\/comments?post=514"}],"version-history":[{"count":1,"href":"https:\/\/enjoytravelaccessible.com\/fr\/wp-json\/wp\/v2\/pages\/514\/revisions"}],"predecessor-version":[{"id":814,"href":"https:\/\/enjoytravelaccessible.com\/fr\/wp-json\/wp\/v2\/pages\/514\/revisions\/814"}],"wp:featuredmedia":[{"embeddable":true,"href":"https:\/\/enjoytravelaccessible.com\/fr\/wp-json\/wp\/v2\/media\/805"}],"wp:attachment":[{"href":"https:\/\/enjoytravelaccessible.com\/fr\/wp-json\/wp\/v2\/media?parent=514"}],"curies":[{"name":"wp","href":"https:\/\/api.w.org\/{rel}","templated":true}]}}